{"id":8734,"date":"2024-06-06T10:29:54","date_gmt":"2024-06-06T10:29:54","guid":{"rendered":"https:\/\/www.eltornbarcelona.com\/?post_type=product&#038;p=8734"},"modified":"2025-05-12T08:18:39","modified_gmt":"2025-05-12T08:18:39","slug":"raku","status":"publish","type":"product","link":"https:\/\/www.eltornbarcelona.com\/en\/cursos\/raku\/","title":{"rendered":"workshop: Raku, the beauty of the unpredictable"},"content":{"rendered":"<div class=\"fusion-fullwidth fullwidth-box fusion-builder-row-1 fusion-flex-container nonhundred-percent-fullwidth non-hundred-percent-height-scrolling\" style=\"--awb-border-radius-top-left:0px;--awb-border-radius-top-right:0px;--awb-border-radius-bottom-right:0px;--awb-border-radius-bottom-left:0px;--awb-flex-wrap:wrap;\" ><div class=\"fusion-builder-row fusion-row fusion-flex-align-items-flex-start fusion-flex-content-wrap\" style=\"max-width:1352px;margin-left: calc(-4% \/ 2 );margin-right: calc(-4% \/ 2 );\"><div class=\"fusion-layout-column fusion_builder_column fusion-builder-column-0 fusion_builder_column_1_1 1_1 fusion-flex-column\" style=\"--awb-bg-size:cover;--awb-width-large:100%;--awb-margin-top-large:0px;--awb-spacing-right-large:1.92%;--awb-margin-bottom-large:0px;--awb-spacing-left-large:1.92%;--awb-width-medium:100%;--awb-spacing-right-medium:1.92%;--awb-spacing-left-medium:1.92%;--awb-width-small:100%;--awb-spacing-right-small:1.92%;--awb-spacing-left-small:1.92%;\"><div class=\"fusion-column-wrapper fusion-flex-justify-content-flex-start fusion-content-layout-column\"><div class=\"fusion-text fusion-text-1\"><div class=\"su-expand su-expand-link-style-default\" data-height=\"100\">\n<div class=\"su-expand-content\">\n<p><strong>This workshop will be held in Spanish and English<br \/>\n<\/strong><\/p>\n<p><strong>el RAKU<\/strong>\u00a0 es una t\u00e9cnica milenar japonesa de quema que consiste en cortar el suministro de ox\u00edgeno durante el horneado, generando lo que llamamos de &#8220;atm\u00f3sfera de reducci\u00f3n&#8221; y resultando en una transformaci\u00f3n f\u00edsico qu\u00edmica que se traduce en la aparici\u00f3n de efectos met\u00e1licos, nacarados y cambios sorpresivos del color en las superficies del las piezas.<\/p>\n<p><strong>qu\u00e9 aprender\u00e1s:<\/strong>\u00a0 a realizar <strong>4 t\u00e9cnicas de RAKU<\/strong> en las piezas que has hecho en tu curso continuo. Estas t\u00e9cnicas son:<\/p>\n<ul>\n<li>Raku con esmaltes especificos<\/li>\n<li>Raku desnudo<\/li>\n<li>Saggar Raku<\/li>\n<li>Raku con cola de caballo<\/li>\n<\/ul>\n<p><strong>y para ello, necesitar\u00e1s :<\/strong><\/p>\n<ul>\n<li>necesitar\u00e1s 4 piezas bizcochadas, de dimensiones no superiores a 10cm de diametro y 25cm de alto<\/li>\n<li>bru\u00f1ir tus piezas (con la medialuna de metal, o con una piedra de canto rodado; cuando est\u00e9 en dureza de cuero)<\/li>\n<\/ul>\n<p><strong>Programa<\/strong><\/p>\n<p>s\u00e1bado de 11h a 17h <strong>en el taller 137 degrees &#8211; St. Celoni. Pr\u00f3xima fecha por confirmar.<\/strong><\/p>\n<ul>\n<li>Explicaci\u00f3n teorica de cada t\u00e9cnica<\/li>\n<li>\u00a0<strong>manos a la obra: <\/strong>har\u00e1s 1 pieza por t\u00e9cnica. Eligir\u00e1s t\u00fa cual pieza quieres por cada t\u00e9cnica.<\/li>\n<li>te llevar\u00e1s a casa todas las piezas terminadas. Tambien te reenviar\u00e9 un ebook que hemos preparado para ti con el paso a paso y las recetas utilizadas en este workshop<\/li>\n<\/ul>\n<p><strong>No es necesaria experiencia previa!<\/strong><\/p>\n<div class=\"dosColumnas\">\n<p><strong>Precio del curso:<\/strong> 100 \u20ac<br \/>\n<strong>Fecha:\u00a0 s\u00e1bado de 11h a 17h en el taller 137 degrees, en St. Celoni. Pr\u00f3xima fecha por confirmar<br \/>\n<\/strong>(es posible llegar en tren, parada Gualba &#8211; te pasaremos a recoger en la estaci\u00f3n). <strong><em>Debes llevar tus piezas bizcochadas<\/em><\/strong><\/p>\n<\/div>\n<div class=\"dosColumnas\">\n<p><strong>ESTE CURSO INCLUYE:<\/strong><\/p>\n<ul>\n<li>los materiales necesarios para las t\u00e9cnicas de raku impartidas<\/li>\n<li>la quema de las 4 piezas (<strong>dimensiones 10cm di\u00e1metro por 25cm alto &#8211; importante respetar estas medidas,<\/strong> para que todas piezas quepan en los hornos de raku)<\/li>\n<li>ebook<\/li>\n<\/ul>\n<p><strong>EL PRECIO NO INCLUYE:<\/strong><\/p>\n<ul>\n<li>traslado al taller 137 degrees. Si vas en tren (parada Gualba), te pasaremos a recoger en la estaci\u00f3n. Si prefieres ir por medios propios, te facilitaremos la direccion exacta. <strong>Recuerda que debes llevar tus piezas bizcochadas!<\/strong><\/li>\n<li>no incluye comida: trae tu bocadillo y bebida para el descanso (no hay sitio para comprar; debes traer tu merienda)<\/li>\n<\/ul>\n<p><em>Para una mejor atenci\u00f3n y calidad de las clases, trabajamos con grupos de m\u00e1ximo 8 alumnos . Este curso se confirma a partir de 4 alumnos inscritos.<br \/>\n<\/em><\/p>\n<\/div>\n<p><a href=\"https:\/\/www.eltornbarcelona.com\/faq\/\" target=\"_blank\" rel=\"noopener noreferrer\"><strong>Consulta aqu\u00ed las dudas m\u00e1s frecuentes\u00a0&gt;<\/strong><\/a><\/p>\n<\/div>\n<\/div>\n<\/div><\/div><\/div><\/div><\/div>\n","protected":false},"excerpt":{"rendered":"<p><em>Saturday\u00a0 from 11am to 5pm. Date to be confirmed.<\/em><\/p>\n<p><span style=\"font-size: 120%; font-weight: 100;\">Learn 4 different Raku techniques &#8211; the beauty of the unpredictable<br \/>\n<\/span><\/p>\n<p>&nbsp;<\/p>\n[fusion_button link=\"https:\/\/www.eltornbarcelona.com\/bono-regalo\/\" text_transform=\"\" title=\"\" target=\"_self\" link_attributes=\"\" alignment=\"\" modal=\"\" hide_on_mobile=\"small-visibility,medium-visibility,large-visibility\" class=\"\" id=\"\" color=\"custom\" button_gradient_top_color=\"#ffffff\" button_gradient_bottom_color=\"#ffffff\" button_gradient_top_color_hover=\"#ffffff\" button_gradient_bottom_color_hover=\"#ffffff\" accent_color=\"#ef7b0b\" accent_hover_color=\"#9f5b00\" type=\"\" bevel_color=\"\" border_width=\"1\" size=\"small\" stretch=\"default\" shape=\"\" icon=\"fa-gift fas\" icon_position=\"left\" icon_divider=\"no\" animation_type=\"\" animation_direction=\"left\" animation_speed=\"0.3\" animation_offset=\"\"]Offer this course as a gift[\/fusion_button]\n","protected":false},"featured_media":8738,"template":"","meta":{"_acf_changed":false},"product_brand":[],"product_cat":[99,852,851],"product_tag":[],"class_list":{"0":"post-8734","1":"product","2":"type-product","3":"status-publish","4":"has-post-thumbnail","6":"product_cat-uncategorized-en","7":"product_cat-february-2025","8":"product_cat-march-2025","10":"first","11":"instock","12":"shipping-taxable","13":"purchasable","14":"product-type-simple"},"acf":[],"yoast_head":"<!-- This site is optimized with the Yoast SEO plugin v27.0 - https:\/\/yoast.com\/product\/yoast-seo-wordpress\/ -->\n<title>workshop: Raku, the beauty of the unpredictable - ElTornBarcelona<\/title>\n<meta name=\"robots\" content=\"index, follow, max-snippet:-1, max-image-preview:large, max-video-preview:-1\" \/>\n<link rel=\"canonical\" href=\"https:\/\/www.eltornbarcelona.com\/en\/cursos\/raku\/\" \/>\n<meta property=\"og:locale\" content=\"en_US\" \/>\n<meta property=\"og:type\" content=\"article\" \/>\n<meta property=\"og:title\" content=\"workshop: Raku, the beauty of the unpredictable - ElTornBarcelona\" \/>\n<meta property=\"og:description\" content=\"Saturday\u00a0 from 11am to 5pm. Date to be confirmed.  Learn 4 different Raku techniques - the beauty of the unpredictable   &nbsp;\" \/>\n<meta property=\"og:url\" content=\"https:\/\/www.eltornbarcelona.com\/en\/cursos\/raku\/\" \/>\n<meta property=\"og:site_name\" content=\"ElTornBarcelona\" \/>\n<meta property=\"article:publisher\" content=\"https:\/\/www.facebook.com\/ElTornBarcelona-The-International-Hub-of-Ceramics-101663193263354\/\" \/>\n<meta property=\"article:modified_time\" content=\"2025-05-12T08:18:39+00:00\" \/>\n<meta property=\"og:image\" content=\"https:\/\/www.eltornbarcelona.com\/wp-content\/uploads\/2024\/06\/IMG-20240421-WA0043-raku-eltorn-2.jpeg\" \/>\n\t<meta property=\"og:image:width\" content=\"1417\" \/>\n\t<meta property=\"og:image:height\" content=\"1563\" \/>\n\t<meta property=\"og:image:type\" content=\"image\/jpeg\" \/>\n<meta name=\"twitter:card\" content=\"summary_large_image\" \/>\n<meta name=\"twitter:label1\" content=\"Est. reading time\" \/>\n\t<meta name=\"twitter:data1\" content=\"2 minutes\" \/>\n<script type=\"application\/ld+json\" class=\"yoast-schema-graph\">{\"@context\":\"https:\/\/schema.org\",\"@graph\":[{\"@type\":\"WebPage\",\"@id\":\"https:\/\/www.eltornbarcelona.com\/en\/cursos\/raku\/\",\"url\":\"https:\/\/www.eltornbarcelona.com\/en\/cursos\/raku\/\",\"name\":\"workshop: Raku, the beauty of the unpredictable - ElTornBarcelona\",\"isPartOf\":{\"@id\":\"https:\/\/www.eltornbarcelona.com\/en\/#website\"},\"primaryImageOfPage\":{\"@id\":\"https:\/\/www.eltornbarcelona.com\/en\/cursos\/raku\/#primaryimage\"},\"image\":{\"@id\":\"https:\/\/www.eltornbarcelona.com\/en\/cursos\/raku\/#primaryimage\"},\"thumbnailUrl\":\"https:\/\/www.eltornbarcelona.com\/wp-content\/uploads\/2024\/06\/IMG-20240421-WA0043-raku-eltorn-2.jpeg\",\"datePublished\":\"2024-06-06T10:29:54+00:00\",\"dateModified\":\"2025-05-12T08:18:39+00:00\",\"breadcrumb\":{\"@id\":\"https:\/\/www.eltornbarcelona.com\/en\/cursos\/raku\/#breadcrumb\"},\"inLanguage\":\"en-US\",\"potentialAction\":[{\"@type\":\"ReadAction\",\"target\":[\"https:\/\/www.eltornbarcelona.com\/en\/cursos\/raku\/\"]}]},{\"@type\":\"ImageObject\",\"inLanguage\":\"en-US\",\"@id\":\"https:\/\/www.eltornbarcelona.com\/en\/cursos\/raku\/#primaryimage\",\"url\":\"https:\/\/www.eltornbarcelona.com\/wp-content\/uploads\/2024\/06\/IMG-20240421-WA0043-raku-eltorn-2.jpeg\",\"contentUrl\":\"https:\/\/www.eltornbarcelona.com\/wp-content\/uploads\/2024\/06\/IMG-20240421-WA0043-raku-eltorn-2.jpeg\",\"width\":1417,\"height\":1563},{\"@type\":\"BreadcrumbList\",\"@id\":\"https:\/\/www.eltornbarcelona.com\/en\/cursos\/raku\/#breadcrumb\",\"itemListElement\":[{\"@type\":\"ListItem\",\"position\":1,\"name\":\"Portada\",\"item\":\"https:\/\/www.eltornbarcelona.com\/en\/\"},{\"@type\":\"ListItem\",\"position\":2,\"name\":\"Tienda\",\"item\":\"https:\/\/www.eltornbarcelona.com\/tienda\/\"},{\"@type\":\"ListItem\",\"position\":3,\"name\":\"workshop: Raku, the beauty of the unpredictable\"}]},{\"@type\":\"WebSite\",\"@id\":\"https:\/\/www.eltornbarcelona.com\/en\/#website\",\"url\":\"https:\/\/www.eltornbarcelona.com\/en\/\",\"name\":\"ElTornBarcelona\",\"description\":\"cursos de ceramica, coworking ceramica\",\"publisher\":{\"@id\":\"https:\/\/www.eltornbarcelona.com\/en\/#organization\"},\"potentialAction\":[{\"@type\":\"SearchAction\",\"target\":{\"@type\":\"EntryPoint\",\"urlTemplate\":\"https:\/\/www.eltornbarcelona.com\/en\/?s={search_term_string}\"},\"query-input\":{\"@type\":\"PropertyValueSpecification\",\"valueRequired\":true,\"valueName\":\"search_term_string\"}}],\"inLanguage\":\"en-US\"},{\"@type\":\"Organization\",\"@id\":\"https:\/\/www.eltornbarcelona.com\/en\/#organization\",\"name\":\"ElTornBarcelona\",\"url\":\"https:\/\/www.eltornbarcelona.com\/en\/\",\"logo\":{\"@type\":\"ImageObject\",\"inLanguage\":\"en-US\",\"@id\":\"https:\/\/www.eltornbarcelona.com\/en\/#\/schema\/logo\/image\/\",\"url\":\"https:\/\/www.eltornbarcelona.com\/wp-content\/uploads\/2018\/08\/logo_eltorn_bcn.png\",\"contentUrl\":\"https:\/\/www.eltornbarcelona.com\/wp-content\/uploads\/2018\/08\/logo_eltorn_bcn.png\",\"width\":308,\"height\":78,\"caption\":\"ElTornBarcelona\"},\"image\":{\"@id\":\"https:\/\/www.eltornbarcelona.com\/en\/#\/schema\/logo\/image\/\"},\"sameAs\":[\"https:\/\/www.facebook.com\/ElTornBarcelona-The-International-Hub-of-Ceramics-101663193263354\/\",\"https:\/\/www.instagram.com\/eltornbarcelona_\/\",\"https:\/\/www.pinterest.es\/eltorn7eltorn\/pins\/\",\"https:\/\/www.youtube.com\/channel\/UCTRYY7gpsZa8w5v8UiKKeLQ\"]}]}<\/script>\n<!-- \/ Yoast SEO plugin. -->","yoast_head_json":{"title":"workshop: Raku, the beauty of the unpredictable - ElTornBarcelona","robots":{"index":"index","follow":"follow","max-snippet":"max-snippet:-1","max-image-preview":"max-image-preview:large","max-video-preview":"max-video-preview:-1"},"canonical":"https:\/\/www.eltornbarcelona.com\/en\/cursos\/raku\/","og_locale":"en_US","og_type":"article","og_title":"workshop: Raku, the beauty of the unpredictable - ElTornBarcelona","og_description":"Saturday\u00a0 from 11am to 5pm. Date to be confirmed.  Learn 4 different Raku techniques - the beauty of the unpredictable   &nbsp;","og_url":"https:\/\/www.eltornbarcelona.com\/en\/cursos\/raku\/","og_site_name":"ElTornBarcelona","article_publisher":"https:\/\/www.facebook.com\/ElTornBarcelona-The-International-Hub-of-Ceramics-101663193263354\/","article_modified_time":"2025-05-12T08:18:39+00:00","og_image":[{"width":1417,"height":1563,"url":"https:\/\/www.eltornbarcelona.com\/wp-content\/uploads\/2024\/06\/IMG-20240421-WA0043-raku-eltorn-2.jpeg","type":"image\/jpeg"}],"twitter_card":"summary_large_image","twitter_misc":{"Est. reading time":"2 minutes"},"schema":{"@context":"https:\/\/schema.org","@graph":[{"@type":"WebPage","@id":"https:\/\/www.eltornbarcelona.com\/en\/cursos\/raku\/","url":"https:\/\/www.eltornbarcelona.com\/en\/cursos\/raku\/","name":"workshop: Raku, the beauty of the unpredictable - ElTornBarcelona","isPartOf":{"@id":"https:\/\/www.eltornbarcelona.com\/en\/#website"},"primaryImageOfPage":{"@id":"https:\/\/www.eltornbarcelona.com\/en\/cursos\/raku\/#primaryimage"},"image":{"@id":"https:\/\/www.eltornbarcelona.com\/en\/cursos\/raku\/#primaryimage"},"thumbnailUrl":"https:\/\/www.eltornbarcelona.com\/wp-content\/uploads\/2024\/06\/IMG-20240421-WA0043-raku-eltorn-2.jpeg","datePublished":"2024-06-06T10:29:54+00:00","dateModified":"2025-05-12T08:18:39+00:00","breadcrumb":{"@id":"https:\/\/www.eltornbarcelona.com\/en\/cursos\/raku\/#breadcrumb"},"inLanguage":"en-US","potentialAction":[{"@type":"ReadAction","target":["https:\/\/www.eltornbarcelona.com\/en\/cursos\/raku\/"]}]},{"@type":"ImageObject","inLanguage":"en-US","@id":"https:\/\/www.eltornbarcelona.com\/en\/cursos\/raku\/#primaryimage","url":"https:\/\/www.eltornbarcelona.com\/wp-content\/uploads\/2024\/06\/IMG-20240421-WA0043-raku-eltorn-2.jpeg","contentUrl":"https:\/\/www.eltornbarcelona.com\/wp-content\/uploads\/2024\/06\/IMG-20240421-WA0043-raku-eltorn-2.jpeg","width":1417,"height":1563},{"@type":"BreadcrumbList","@id":"https:\/\/www.eltornbarcelona.com\/en\/cursos\/raku\/#breadcrumb","itemListElement":[{"@type":"ListItem","position":1,"name":"Portada","item":"https:\/\/www.eltornbarcelona.com\/en\/"},{"@type":"ListItem","position":2,"name":"Tienda","item":"https:\/\/www.eltornbarcelona.com\/tienda\/"},{"@type":"ListItem","position":3,"name":"workshop: Raku, the beauty of the unpredictable"}]},{"@type":"WebSite","@id":"https:\/\/www.eltornbarcelona.com\/en\/#website","url":"https:\/\/www.eltornbarcelona.com\/en\/","name":"ElTornBarcelona","description":"cursos de ceramica, coworking ceramica","publisher":{"@id":"https:\/\/www.eltornbarcelona.com\/en\/#organization"},"potentialAction":[{"@type":"SearchAction","target":{"@type":"EntryPoint","urlTemplate":"https:\/\/www.eltornbarcelona.com\/en\/?s={search_term_string}"},"query-input":{"@type":"PropertyValueSpecification","valueRequired":true,"valueName":"search_term_string"}}],"inLanguage":"en-US"},{"@type":"Organization","@id":"https:\/\/www.eltornbarcelona.com\/en\/#organization","name":"ElTornBarcelona","url":"https:\/\/www.eltornbarcelona.com\/en\/","logo":{"@type":"ImageObject","inLanguage":"en-US","@id":"https:\/\/www.eltornbarcelona.com\/en\/#\/schema\/logo\/image\/","url":"https:\/\/www.eltornbarcelona.com\/wp-content\/uploads\/2018\/08\/logo_eltorn_bcn.png","contentUrl":"https:\/\/www.eltornbarcelona.com\/wp-content\/uploads\/2018\/08\/logo_eltorn_bcn.png","width":308,"height":78,"caption":"ElTornBarcelona"},"image":{"@id":"https:\/\/www.eltornbarcelona.com\/en\/#\/schema\/logo\/image\/"},"sameAs":["https:\/\/www.facebook.com\/ElTornBarcelona-The-International-Hub-of-Ceramics-101663193263354\/","https:\/\/www.instagram.com\/eltornbarcelona_\/","https:\/\/www.pinterest.es\/eltorn7eltorn\/pins\/","https:\/\/www.youtube.com\/channel\/UCTRYY7gpsZa8w5v8UiKKeLQ"]}]}},"_links":{"self":[{"href":"https:\/\/www.eltornbarcelona.com\/en\/wp-json\/wp\/v2\/product\/8734","targetHints":{"allow":["GET"]}}],"collection":[{"href":"https:\/\/www.eltornbarcelona.com\/en\/wp-json\/wp\/v2\/product"}],"about":[{"href":"https:\/\/www.eltornbarcelona.com\/en\/wp-json\/wp\/v2\/types\/product"}],"wp:featuredmedia":[{"embeddable":true,"href":"https:\/\/www.eltornbarcelona.com\/en\/wp-json\/wp\/v2\/media\/8738"}],"wp:attachment":[{"href":"https:\/\/www.eltornbarcelona.com\/en\/wp-json\/wp\/v2\/media?parent=8734"}],"wp:term":[{"taxonomy":"product_brand","embeddable":true,"href":"https:\/\/www.eltornbarcelona.com\/en\/wp-json\/wp\/v2\/product_brand?post=8734"},{"taxonomy":"product_cat","embeddable":true,"href":"https:\/\/www.eltornbarcelona.com\/en\/wp-json\/wp\/v2\/product_cat?post=8734"},{"taxonomy":"product_tag","embeddable":true,"href":"https:\/\/www.eltornbarcelona.com\/en\/wp-json\/wp\/v2\/product_tag?post=8734"}],"curies":[{"name":"wp","href":"https:\/\/api.w.org\/{rel}","templated":true}]}}