{"id":6680,"date":"2022-12-21T14:31:34","date_gmt":"2022-12-21T14:31:34","guid":{"rendered":"https:\/\/www.eltornbarcelona.com\/?post_type=product&#038;p=6680"},"modified":"2025-02-11T20:26:54","modified_gmt":"2025-02-11T20:26:54","slug":"wheel-throwing-intermediate-weekend","status":"publish","type":"product","link":"https:\/\/www.eltornbarcelona.com\/en\/cursos\/wheel-throwing-intermediate-weekend\/","title":{"rendered":"Wheel throwing weekend INTERMEDIATE"},"content":{"rendered":"<div class=\"fusion-fullwidth fullwidth-box fusion-builder-row-1 fusion-flex-container nonhundred-percent-fullwidth non-hundred-percent-height-scrolling\" style=\"--awb-border-radius-top-left:0px;--awb-border-radius-top-right:0px;--awb-border-radius-bottom-right:0px;--awb-border-radius-bottom-left:0px;--awb-flex-wrap:wrap;\" ><div class=\"fusion-builder-row fusion-row fusion-flex-align-items-flex-start fusion-flex-content-wrap\" style=\"max-width:1352px;margin-left: calc(-4% \/ 2 );margin-right: calc(-4% \/ 2 );\"><div class=\"fusion-layout-column fusion_builder_column fusion-builder-column-0 fusion_builder_column_1_1 1_1 fusion-flex-column\" style=\"--awb-bg-size:cover;--awb-width-large:100%;--awb-margin-top-large:0px;--awb-spacing-right-large:1.92%;--awb-margin-bottom-large:0px;--awb-spacing-left-large:1.92%;--awb-width-medium:100%;--awb-spacing-right-medium:1.92%;--awb-spacing-left-medium:1.92%;--awb-width-small:100%;--awb-spacing-right-small:1.92%;--awb-spacing-left-small:1.92%;\"><div class=\"fusion-column-wrapper fusion-flex-justify-content-flex-start fusion-content-layout-column\"><div class=\"fusion-text fusion-text-1\"><p>The objective of this workshop is to teach you how to make large pieces, made up of several parts.<\/p>\n<p><strong>To follow this course, you need to know how to center at least 1kg of clay.<\/strong><\/p>\n<p><strong>Saturday from 10 a.m. to 4 p.m. <\/strong><\/p>\n<p>We start with a demonstration of the techniques you will learn:<\/p>\n<ul>\n<li>Combined piece 1: both parts in plastic\/wet state<\/li>\n<li>Combined piece 2: bottom part slightly dry<\/li>\n<li>Combined piece 3: both parts in leather hard state<\/li>\n<\/ul>\n<p>And then it\u2019s your turn to practice.<\/p>\n<ul>\n<li>First, you will learn front kneading and spiral kneading for large batches.<\/li>\n<li>You will start throwing a 1kg cylinder and you will do several repetitions.<\/li>\n<li>We\u2019ll increase the amount of clay and practice throwing different shapes<\/li>\n<li>Another technique: hollowing out a block of clay<\/li>\n<\/ul>\n<p>You will leave all the necessary thrown parts ready to build the final piece on Sunday.<\/p>\n<p><strong>Sunday from 10 a.m. to 4 p.m. <\/strong><\/p>\n<ul>\n<li>Review of the techniques of the previous day and demonstration.<\/li>\n<li>Increasing kg<\/li>\n<li>you will throw the missing parts to the pieces from the day before and join them.<\/li>\n<\/ul>\n<p>The remaining time you will experiment with combined shapes. For example, joining a cylinder and a cone.<\/p>\n<p>We&#8217;ll bisque fire your preferred piece and let you know when to pick it up. If you&#8217;d like us to glaze it, we&#8217;ll do it with love and calculate the cost for you. You can take with you the other pieces you have thrown in greenware.<\/p>\n<p><span style=\"color: #000000;\"><strong>Price:<\/strong> <\/span>195\u20ac (includes stoneware; bisque fire of 1 piece)<\/p>\n<p><span style=\"color: #ff6600;\"><strong><span style=\"color: #000000;\">Dates:<\/span> Dates to be confirmed. Saturday <em>and Sunday <\/em>from 10am to 4pm.<br \/>\n<\/strong><\/span><\/p>\n<div class=\"dosColumnas\">\n<p><strong>THIS COURSE INCLUDES:<\/strong><\/p>\n<ul>\n<li>Stoneware clay, tools<\/li>\n<\/ul>\n<p><em>For better personal tutoring we admit max. 6 students per class. The courses will take place with a minimum of 4 students. If you have signed up and paid and the course doesn&#8217;t take place, we&#8217;ll refund you the total amount paid. ElTornBarcelona cannot be responsible for procurement or losses incurred on travel arrangements. **Please take this into consideration when booking your flights and accommodation.<br \/>\n<\/em><\/p>\n<p><a style=\"color: #ff6600;\" href=\"https:\/\/www.eltornbarcelona.com\/en\/faq\/\" target=\"_blank\" rel=\"noopener noreferrer\"><strong>Any doubts? check here our FAQ &gt;<\/strong><\/a><\/p>\n<\/div>\n<\/div><\/div><\/div><\/div><\/div>\n","protected":false},"excerpt":{"rendered":"<p><em>Dates to be confirmed. Saturday and Sunday from 10am to 4pm<br \/>\n<\/em><\/p>\n<p><span style=\"font-size: 120%;\">learn how to throw big pieces, made of several parts<br \/>\n<\/span><\/p>\n[fusion_button link=\"https:\/\/www.eltornbarcelona.com\/bono-regalo\/\" text_transform=\"\" title=\"\" target=\"_self\" link_attributes=\"\" alignment=\"\" modal=\"\" hide_on_mobile=\"small-visibility,medium-visibility,large-visibility\" class=\"\" id=\"\" color=\"custom\" button_gradient_top_color=\"#ffffff\" button_gradient_bottom_color=\"#ffffff\" button_gradient_top_color_hover=\"#ffffff\" button_gradient_bottom_color_hover=\"#ffffff\" accent_color=\"#ef7b0b\" accent_hover_color=\"#9f5b00\" type=\"\" bevel_color=\"\" border_width=\"1\" size=\"small\" stretch=\"default\" shape=\"\" icon=\"fa-gift fas\" icon_position=\"left\" icon_divider=\"no\" animation_type=\"\" animation_direction=\"left\" animation_speed=\"0.3\" animation_offset=\"\"]Offer this course as a gift[\/fusion_button]\n","protected":false},"featured_media":9879,"template":"","meta":{"_acf_changed":false},"product_brand":[],"product_cat":[99],"product_tag":[],"class_list":{"0":"post-6680","1":"product","2":"type-product","3":"status-publish","4":"has-post-thumbnail","6":"product_cat-uncategorized-en","8":"first","9":"instock","10":"virtual","11":"purchasable","12":"product-type-simple"},"acf":[],"yoast_head":"<!-- This site is optimized with the Yoast SEO plugin v27.0 - https:\/\/yoast.com\/product\/yoast-seo-wordpress\/ -->\n<title>Wheel throwing weekend INTERMEDIATE - ElTornBarcelona<\/title>\n<meta name=\"robots\" content=\"index, follow, max-snippet:-1, max-image-preview:large, max-video-preview:-1\" \/>\n<link rel=\"canonical\" href=\"https:\/\/www.eltornbarcelona.com\/en\/cursos\/wheel-throwing-intermediate-weekend\/\" \/>\n<meta property=\"og:locale\" content=\"en_US\" \/>\n<meta property=\"og:type\" content=\"article\" \/>\n<meta property=\"og:title\" content=\"Wheel throwing weekend INTERMEDIATE - ElTornBarcelona\" \/>\n<meta property=\"og:description\" content=\"Dates to be confirmed. Saturday and Sunday from 10am to 4pm   learn how to throw big pieces, made of several parts\" \/>\n<meta property=\"og:url\" content=\"https:\/\/www.eltornbarcelona.com\/en\/cursos\/wheel-throwing-intermediate-weekend\/\" \/>\n<meta property=\"og:site_name\" content=\"ElTornBarcelona\" \/>\n<meta property=\"article:publisher\" content=\"https:\/\/www.facebook.com\/ElTornBarcelona-The-International-Hub-of-Ceramics-101663193263354\/\" \/>\n<meta property=\"article:modified_time\" content=\"2025-02-11T20:26:54+00:00\" \/>\n<meta property=\"og:image\" content=\"https:\/\/www.eltornbarcelona.com\/wp-content\/uploads\/2022\/12\/clases-torno-ceramica.jpg\" \/>\n\t<meta property=\"og:image:width\" content=\"1440\" \/>\n\t<meta property=\"og:image:height\" content=\"955\" \/>\n\t<meta property=\"og:image:type\" content=\"image\/jpeg\" \/>\n<meta name=\"twitter:card\" content=\"summary_large_image\" \/>\n<meta name=\"twitter:label1\" content=\"Est. reading time\" \/>\n\t<meta name=\"twitter:data1\" content=\"2 minutes\" \/>\n<script type=\"application\/ld+json\" class=\"yoast-schema-graph\">{\"@context\":\"https:\/\/schema.org\",\"@graph\":[{\"@type\":\"WebPage\",\"@id\":\"https:\/\/www.eltornbarcelona.com\/en\/cursos\/wheel-throwing-intermediate-weekend\/\",\"url\":\"https:\/\/www.eltornbarcelona.com\/en\/cursos\/wheel-throwing-intermediate-weekend\/\",\"name\":\"Wheel throwing weekend INTERMEDIATE - ElTornBarcelona\",\"isPartOf\":{\"@id\":\"https:\/\/www.eltornbarcelona.com\/en\/#website\"},\"primaryImageOfPage\":{\"@id\":\"https:\/\/www.eltornbarcelona.com\/en\/cursos\/wheel-throwing-intermediate-weekend\/#primaryimage\"},\"image\":{\"@id\":\"https:\/\/www.eltornbarcelona.com\/en\/cursos\/wheel-throwing-intermediate-weekend\/#primaryimage\"},\"thumbnailUrl\":\"https:\/\/www.eltornbarcelona.com\/wp-content\/uploads\/2022\/12\/clases-torno-ceramica.jpg\",\"datePublished\":\"2022-12-21T14:31:34+00:00\",\"dateModified\":\"2025-02-11T20:26:54+00:00\",\"breadcrumb\":{\"@id\":\"https:\/\/www.eltornbarcelona.com\/en\/cursos\/wheel-throwing-intermediate-weekend\/#breadcrumb\"},\"inLanguage\":\"en-US\",\"potentialAction\":[{\"@type\":\"ReadAction\",\"target\":[\"https:\/\/www.eltornbarcelona.com\/en\/cursos\/wheel-throwing-intermediate-weekend\/\"]}]},{\"@type\":\"ImageObject\",\"inLanguage\":\"en-US\",\"@id\":\"https:\/\/www.eltornbarcelona.com\/en\/cursos\/wheel-throwing-intermediate-weekend\/#primaryimage\",\"url\":\"https:\/\/www.eltornbarcelona.com\/wp-content\/uploads\/2022\/12\/clases-torno-ceramica.jpg\",\"contentUrl\":\"https:\/\/www.eltornbarcelona.com\/wp-content\/uploads\/2022\/12\/clases-torno-ceramica.jpg\",\"width\":1440,\"height\":955,\"caption\":\"Un hombre da forma a un jarr\u00f3n de arcilla en un taller de cer\u00e1mica con torno, rodeados de herramientas para su elaboraci\u00f3n.\"},{\"@type\":\"BreadcrumbList\",\"@id\":\"https:\/\/www.eltornbarcelona.com\/en\/cursos\/wheel-throwing-intermediate-weekend\/#breadcrumb\",\"itemListElement\":[{\"@type\":\"ListItem\",\"position\":1,\"name\":\"Portada\",\"item\":\"https:\/\/www.eltornbarcelona.com\/en\/\"},{\"@type\":\"ListItem\",\"position\":2,\"name\":\"Tienda\",\"item\":\"https:\/\/www.eltornbarcelona.com\/tienda\/\"},{\"@type\":\"ListItem\",\"position\":3,\"name\":\"Wheel throwing weekend INTERMEDIATE\"}]},{\"@type\":\"WebSite\",\"@id\":\"https:\/\/www.eltornbarcelona.com\/en\/#website\",\"url\":\"https:\/\/www.eltornbarcelona.com\/en\/\",\"name\":\"ElTornBarcelona\",\"description\":\"cursos de ceramica, coworking ceramica\",\"publisher\":{\"@id\":\"https:\/\/www.eltornbarcelona.com\/en\/#organization\"},\"potentialAction\":[{\"@type\":\"SearchAction\",\"target\":{\"@type\":\"EntryPoint\",\"urlTemplate\":\"https:\/\/www.eltornbarcelona.com\/en\/?s={search_term_string}\"},\"query-input\":{\"@type\":\"PropertyValueSpecification\",\"valueRequired\":true,\"valueName\":\"search_term_string\"}}],\"inLanguage\":\"en-US\"},{\"@type\":\"Organization\",\"@id\":\"https:\/\/www.eltornbarcelona.com\/en\/#organization\",\"name\":\"ElTornBarcelona\",\"url\":\"https:\/\/www.eltornbarcelona.com\/en\/\",\"logo\":{\"@type\":\"ImageObject\",\"inLanguage\":\"en-US\",\"@id\":\"https:\/\/www.eltornbarcelona.com\/en\/#\/schema\/logo\/image\/\",\"url\":\"https:\/\/www.eltornbarcelona.com\/wp-content\/uploads\/2018\/08\/logo_eltorn_bcn.png\",\"contentUrl\":\"https:\/\/www.eltornbarcelona.com\/wp-content\/uploads\/2018\/08\/logo_eltorn_bcn.png\",\"width\":308,\"height\":78,\"caption\":\"ElTornBarcelona\"},\"image\":{\"@id\":\"https:\/\/www.eltornbarcelona.com\/en\/#\/schema\/logo\/image\/\"},\"sameAs\":[\"https:\/\/www.facebook.com\/ElTornBarcelona-The-International-Hub-of-Ceramics-101663193263354\/\",\"https:\/\/www.instagram.com\/eltornbarcelona_\/\",\"https:\/\/www.pinterest.es\/eltorn7eltorn\/pins\/\",\"https:\/\/www.youtube.com\/channel\/UCTRYY7gpsZa8w5v8UiKKeLQ\"]}]}<\/script>\n<!-- \/ Yoast SEO plugin. -->","yoast_head_json":{"title":"Wheel throwing weekend INTERMEDIATE - ElTornBarcelona","robots":{"index":"index","follow":"follow","max-snippet":"max-snippet:-1","max-image-preview":"max-image-preview:large","max-video-preview":"max-video-preview:-1"},"canonical":"https:\/\/www.eltornbarcelona.com\/en\/cursos\/wheel-throwing-intermediate-weekend\/","og_locale":"en_US","og_type":"article","og_title":"Wheel throwing weekend INTERMEDIATE - ElTornBarcelona","og_description":"Dates to be confirmed. Saturday and Sunday from 10am to 4pm   learn how to throw big pieces, made of several parts","og_url":"https:\/\/www.eltornbarcelona.com\/en\/cursos\/wheel-throwing-intermediate-weekend\/","og_site_name":"ElTornBarcelona","article_publisher":"https:\/\/www.facebook.com\/ElTornBarcelona-The-International-Hub-of-Ceramics-101663193263354\/","article_modified_time":"2025-02-11T20:26:54+00:00","og_image":[{"width":1440,"height":955,"url":"https:\/\/www.eltornbarcelona.com\/wp-content\/uploads\/2022\/12\/clases-torno-ceramica.jpg","type":"image\/jpeg"}],"twitter_card":"summary_large_image","twitter_misc":{"Est. reading time":"2 minutes"},"schema":{"@context":"https:\/\/schema.org","@graph":[{"@type":"WebPage","@id":"https:\/\/www.eltornbarcelona.com\/en\/cursos\/wheel-throwing-intermediate-weekend\/","url":"https:\/\/www.eltornbarcelona.com\/en\/cursos\/wheel-throwing-intermediate-weekend\/","name":"Wheel throwing weekend INTERMEDIATE - ElTornBarcelona","isPartOf":{"@id":"https:\/\/www.eltornbarcelona.com\/en\/#website"},"primaryImageOfPage":{"@id":"https:\/\/www.eltornbarcelona.com\/en\/cursos\/wheel-throwing-intermediate-weekend\/#primaryimage"},"image":{"@id":"https:\/\/www.eltornbarcelona.com\/en\/cursos\/wheel-throwing-intermediate-weekend\/#primaryimage"},"thumbnailUrl":"https:\/\/www.eltornbarcelona.com\/wp-content\/uploads\/2022\/12\/clases-torno-ceramica.jpg","datePublished":"2022-12-21T14:31:34+00:00","dateModified":"2025-02-11T20:26:54+00:00","breadcrumb":{"@id":"https:\/\/www.eltornbarcelona.com\/en\/cursos\/wheel-throwing-intermediate-weekend\/#breadcrumb"},"inLanguage":"en-US","potentialAction":[{"@type":"ReadAction","target":["https:\/\/www.eltornbarcelona.com\/en\/cursos\/wheel-throwing-intermediate-weekend\/"]}]},{"@type":"ImageObject","inLanguage":"en-US","@id":"https:\/\/www.eltornbarcelona.com\/en\/cursos\/wheel-throwing-intermediate-weekend\/#primaryimage","url":"https:\/\/www.eltornbarcelona.com\/wp-content\/uploads\/2022\/12\/clases-torno-ceramica.jpg","contentUrl":"https:\/\/www.eltornbarcelona.com\/wp-content\/uploads\/2022\/12\/clases-torno-ceramica.jpg","width":1440,"height":955,"caption":"Un hombre da forma a un jarr\u00f3n de arcilla en un taller de cer\u00e1mica con torno, rodeados de herramientas para su elaboraci\u00f3n."},{"@type":"BreadcrumbList","@id":"https:\/\/www.eltornbarcelona.com\/en\/cursos\/wheel-throwing-intermediate-weekend\/#breadcrumb","itemListElement":[{"@type":"ListItem","position":1,"name":"Portada","item":"https:\/\/www.eltornbarcelona.com\/en\/"},{"@type":"ListItem","position":2,"name":"Tienda","item":"https:\/\/www.eltornbarcelona.com\/tienda\/"},{"@type":"ListItem","position":3,"name":"Wheel throwing weekend INTERMEDIATE"}]},{"@type":"WebSite","@id":"https:\/\/www.eltornbarcelona.com\/en\/#website","url":"https:\/\/www.eltornbarcelona.com\/en\/","name":"ElTornBarcelona","description":"cursos de ceramica, coworking ceramica","publisher":{"@id":"https:\/\/www.eltornbarcelona.com\/en\/#organization"},"potentialAction":[{"@type":"SearchAction","target":{"@type":"EntryPoint","urlTemplate":"https:\/\/www.eltornbarcelona.com\/en\/?s={search_term_string}"},"query-input":{"@type":"PropertyValueSpecification","valueRequired":true,"valueName":"search_term_string"}}],"inLanguage":"en-US"},{"@type":"Organization","@id":"https:\/\/www.eltornbarcelona.com\/en\/#organization","name":"ElTornBarcelona","url":"https:\/\/www.eltornbarcelona.com\/en\/","logo":{"@type":"ImageObject","inLanguage":"en-US","@id":"https:\/\/www.eltornbarcelona.com\/en\/#\/schema\/logo\/image\/","url":"https:\/\/www.eltornbarcelona.com\/wp-content\/uploads\/2018\/08\/logo_eltorn_bcn.png","contentUrl":"https:\/\/www.eltornbarcelona.com\/wp-content\/uploads\/2018\/08\/logo_eltorn_bcn.png","width":308,"height":78,"caption":"ElTornBarcelona"},"image":{"@id":"https:\/\/www.eltornbarcelona.com\/en\/#\/schema\/logo\/image\/"},"sameAs":["https:\/\/www.facebook.com\/ElTornBarcelona-The-International-Hub-of-Ceramics-101663193263354\/","https:\/\/www.instagram.com\/eltornbarcelona_\/","https:\/\/www.pinterest.es\/eltorn7eltorn\/pins\/","https:\/\/www.youtube.com\/channel\/UCTRYY7gpsZa8w5v8UiKKeLQ"]}]}},"_links":{"self":[{"href":"https:\/\/www.eltornbarcelona.com\/en\/wp-json\/wp\/v2\/product\/6680","targetHints":{"allow":["GET"]}}],"collection":[{"href":"https:\/\/www.eltornbarcelona.com\/en\/wp-json\/wp\/v2\/product"}],"about":[{"href":"https:\/\/www.eltornbarcelona.com\/en\/wp-json\/wp\/v2\/types\/product"}],"wp:featuredmedia":[{"embeddable":true,"href":"https:\/\/www.eltornbarcelona.com\/en\/wp-json\/wp\/v2\/media\/9879"}],"wp:attachment":[{"href":"https:\/\/www.eltornbarcelona.com\/en\/wp-json\/wp\/v2\/media?parent=6680"}],"wp:term":[{"taxonomy":"product_brand","embeddable":true,"href":"https:\/\/www.eltornbarcelona.com\/en\/wp-json\/wp\/v2\/product_brand?post=6680"},{"taxonomy":"product_cat","embeddable":true,"href":"https:\/\/www.eltornbarcelona.com\/en\/wp-json\/wp\/v2\/product_cat?post=6680"},{"taxonomy":"product_tag","embeddable":true,"href":"https:\/\/www.eltornbarcelona.com\/en\/wp-json\/wp\/v2\/product_tag?post=6680"}],"curies":[{"name":"wp","href":"https:\/\/api.w.org\/{rel}","templated":true}]}}