{"id":1108,"date":"2018-12-03T18:02:50","date_gmt":"2018-12-03T18:02:50","guid":{"rendered":"https:\/\/www.eltornbarcelona.com\/politica-de-proteccion-de-datos-personales\/"},"modified":"2024-10-15T08:58:02","modified_gmt":"2024-10-15T08:58:02","slug":"privacy-policy","status":"publish","type":"page","link":"https:\/\/www.eltornbarcelona.com\/en\/privacy-policy\/","title":{"rendered":"PRIVACY POLICY"},"content":{"rendered":"<p><div class=\"fusion-fullwidth fullwidth-box fusion-builder-row-1 nonhundred-percent-fullwidth non-hundred-percent-height-scrolling\" style=\"--awb-border-radius-top-left:0px;--awb-border-radius-top-right:0px;--awb-border-radius-bottom-right:0px;--awb-border-radius-bottom-left:0px;--awb-padding-top:50px;--awb-flex-wrap:wrap;\" ><div class=\"fusion-builder-row fusion-row\"><div class=\"fusion-layout-column fusion_builder_column fusion-builder-column-0 fusion_builder_column_1_6 1_6 fusion-one-sixth fusion-column-first\" style=\"--awb-bg-size:cover;width:16.666666666667%;width:calc(16.666666666667% - ( ( 4% + 4% ) * 0.16666666666667 ) );margin-right: 4%;\"><div class=\"fusion-column-wrapper fusion-flex-column-wrapper-legacy\"><div class=\"fusion-clearfix\"><\/div><\/div><\/div><div class=\"fusion-layout-column fusion_builder_column fusion-builder-column-1 fusion_builder_column_2_3 2_3 fusion-two-third\" style=\"--awb-bg-size:cover;width:66.666666666667%;width:calc(66.666666666667% - ( ( 4% + 4% ) * 0.66666666666667 ) );margin-right: 4%;\"><div class=\"fusion-column-wrapper fusion-flex-column-wrapper-legacy\"><div class=\"fusion-title title fusion-title-1 fusion-sep-none fusion-title-center fusion-title-text fusion-title-size-two\"><h2 class=\"fusion-title-heading title-heading-center fusion-responsive-typography-calculated\" style=\"margin:0;--fontSize:30;line-height:1.5;\"><p><span style=\"color: #3f2a0b;\">PRIVACY POLICY<br \/>\n<\/span><\/p><\/h2><\/div><div class=\"fusion-clearfix\"><\/div><\/div><\/div><div class=\"fusion-layout-column fusion_builder_column fusion-builder-column-2 fusion_builder_column_1_6 1_6 fusion-one-sixth fusion-column-last\" style=\"--awb-bg-size:cover;width:16.666666666667%;width:calc(16.666666666667% - ( ( 4% + 4% ) * 0.16666666666667 ) );\"><div class=\"fusion-column-wrapper fusion-flex-column-wrapper-legacy\"><div class=\"fusion-clearfix\"><\/div><\/div><\/div><\/div><\/div><div class=\"fusion-fullwidth fullwidth-box fusion-builder-row-2 nonhundred-percent-fullwidth non-hundred-percent-height-scrolling\" style=\"--awb-border-radius-top-left:0px;--awb-border-radius-top-right:0px;--awb-border-radius-bottom-right:0px;--awb-border-radius-bottom-left:0px;--awb-flex-wrap:wrap;\" ><div class=\"fusion-builder-row fusion-row\"><div class=\"fusion-layout-column fusion_builder_column fusion-builder-column-3 fusion_builder_column_1_1 1_1 fusion-one-full fusion-column-first fusion-column-last\" style=\"--awb-bg-size:cover;\"><div class=\"fusion-column-wrapper fusion-flex-column-wrapper-legacy\"><div class=\"fusion-text fusion-text-1\"><p><strong>ElTornBarcelona S.L., \u00a0<\/strong>with registration nr B65184376, onwer of the website\u00a0<a href=\"https:\/\/www.eltornbarcelona.com\/en\/\">www.eltornbarcelona.com<\/a>,\u00a0 with address calle Bac de Roda, 83, 08005 Barcelona and email address\u00a0<a href=\"mailto:eltorn@eltornbarcelona.com\">eltorn@eltornbarcelona.com<\/a><\/p>\n<div class=\"text-wrap tlid-copy-target\">\n<div class=\"result-shield-container tlid-copy-target\"><strong><span class=\"tlid-translation translation\"><span class=\"\" title=\"\">DATA REQUESTED ON THE WEBSITE AND PURPOSE OF THE TREATMENT<\/span><\/span><\/strong><\/div>\n<\/div>\n<ul>\n<li><strong>Full name and surname and email in all contact forms:\u00a0 <\/strong>t<span class=\"tlid-translation translation\"><span class=\"\" title=\"\">o make any direct contact with <strong>ElTornBarcelona<\/strong>, either to raise questions, comments, suggestions, request a service or product or any other information.<\/span> <span title=\"\">Failure to provide the minimum necessary personal data will prevent ElTornBarcelona from responding to the request.<\/span><\/span><\/li>\n<li><strong><strong>Full name and surname, phone number and email: <\/strong><\/strong>this information will be requested when purchasing any of our courses, in order to process the order.<\/li>\n<li><strong>Name and email address for the newsletter: <\/strong><span class=\"tlid-translation translation\"><span class=\"\" title=\"\">with the express and voluntary consent of the User, the minimum information necessary to send an automated commercial bulletin will be requested on the website, where information about our courses, promotions and other information about the services and \/ or products offered by\u00a0<\/span><\/span><strong>ElTornBarcelona<\/strong>.<\/li>\n<\/ul>\n<div class=\"text-wrap tlid-copy-target\">\n<div class=\"result-shield-container tlid-copy-target\"><span class=\"tlid-translation translation\"><span class=\"\" title=\"\">If the User is under 16 years of age, they must have the authorization of their parents or legal guardians to deliver their personal data.<\/span> <span class=\"\" title=\"\"><strong>ElTornBarcelona<\/strong> has no means to effectively check the age of the users, so it is exempt from any liability, if the user does not comply with what is indicated here.<\/span><\/span><\/div>\n<\/div>\n<div class=\"tlid-result-transliteration-container result-transliteration-container transliteration-container\">\n<div class=\"tlid-transliteration-content transliteration-content full\"><\/div>\n<\/div>\n<p><strong>ElTornBarcelona\u00a0<\/strong><span class=\"\" title=\"\">will ensure at all times that the use given to the website, the contents, and the treatment of the personal data of the user is carried out in the most correct manner.<\/span> <span title=\"\">To do this, the User can always exercise their rights of access, rectification and cancellation, all in faithful compliance with the guidelines of Spanish and European laws, sending an to email\u00a0<\/span>eltorn@eltornbarcelona.com.<\/p>\n<p>In no case\u00a0<strong>ElTornBarcelona<\/strong> <span class=\"tlid-translation translation\"><span class=\"\" title=\"\">will share with third parties the data you have provided.<\/span> <span class=\"\" title=\"\">In case of doing so in order to comply with the delivery by post of the pieces made by the students,\u00a0 offer the services contracted by any participant, send the newsletter, comply with legal requirements or for the administration of the website, due confidentiality agreements will be provided b<\/span><span class=\"\" title=\"\">etween the parts.<\/span><\/span><\/p>\n<h3><strong>FORMS you will find in our website:<\/strong><\/h3>\n<p>This website has 3 types of forms:<\/p>\n<ul>\n<li><strong><strong>Contact form:<\/strong><\/strong> the user, buyer or participant of our courses can find forms that will facilitate communication with <strong>ElTornBarcelona<\/strong> to raise questions, comments, request information about our courses, reserve a spot in our workshops offered on the website. <span title=\"\">Failure to provide the minimum necessary personal data will prevent ElTornBarcelona from responding to the request.<\/span> <span title=\"\">This treatment will be considered legitimate because it is part of a pre-contractual diligence.<\/span> <span title=\"\">There is the Contact form and the Gift Voucher form.<\/span>\n<div class=\"tlid-result-transliteration-container result-transliteration-container transliteration-container\">\n<div class=\"tlid-transliteration-content transliteration-content full\"><\/div>\n<\/div>\n<\/li>\n<li><strong><strong>Publicity:\u00a0<\/strong><\/strong>users, buyers or participants of our courses will be asked for their express and voluntary consent to deliver to <strong>ElTornBarcelona<\/strong> the minimum data necessary to send our monthly newsletter, with commercial information related to the courses and services offered by <strong>ElTornBarcelona<\/strong>, so that they can be added to a <span title=\"\">automated email marketing file.<\/span>\n<div class=\"tlid-result-transliteration-container result-transliteration-container transliteration-container\">\n<div class=\"tlid-transliteration-content transliteration-content full\"><\/div>\n<\/div>\n<\/li>\n<\/ul>\n<h3><strong>MEANS TO HANDLE YOUR DATA<\/strong><\/h3>\n<p><strong>ElTornBarcelona<\/strong> <span class=\"tlid-translation translation\"><span class=\"\" title=\"\">works together with other companies to be able to offer its courses and services adequately, with which it has celebrated the appropriate confidentiality agreements and has verified that they comply with the Spanish regulations on the protection of personal data.<\/span><\/span><\/p>\n<p><span title=\"\">The data provided to these third parties may not be used for other purposes not authorized by the user.<\/span><\/p>\n<p><span title=\"\">In compliance with the principles of information and transparency, it is made known that these third parties are:<\/span><\/p>\n<ul>\n<li><strong>Mailchimp: <\/strong>to automate the commercial information bulletins (newsletters) and send to the User&#8217;s email advertising of the courses and \/ or services offered on the <strong>ElTornBarcelona<\/strong> website. <span class=\"\" title=\"\">Service in charge of the company\u00a0<\/span>\u00a0The Rocket Science Group LLC d\/b\/a MailChimp Attn. Privacy Officer <a href=\"mailto:privacy@mailchimp.com\">privacy@mailchimp.com<\/a> 675 Ponce de Leon Ave NE, Suite 5000 Atlanta, GA 30308 USA Puede ver m\u00e1s informaci\u00f3n sobre su pol\u00edtica de privacidad aqu\u00ed <a href=\"https:\/\/mailchimp.com\/legal\/privacy\/\">https:\/\/mailchimp.com\/legal\/privacy\/<\/a><\/li>\n<li><strong>Google, LLC:\u00a0<\/strong>for cloud computing and email services. <span title=\"\">Company located in California, United States, who has subscribed the privacy shield as can be evidenced in\u00a0<\/span>https:\/\/www.privacyshield.gov\/participant?id=a2zt000000001L5AAI, an agreement signed between UE \u2013 ES aprobado by the Comit\u00e9 Europeo de Protecci\u00f3n de Datos.\u00a0 For more information about its privacy policy visit\u00a0<a href=\"https:\/\/www.google.com\/intl\/es\/policies\/privacy\/\">https:\/\/www.google.com\/intl\/es\/policies\/privacy\/<\/a><\/li>\n<li><strong>PayPal (Europe)<\/strong> S.\u00e0 r.l. et Cie, S.C.A.:\u00a0<span class=\"tlid-translation translation\"><span class=\"\" title=\"\">company used to manage payments by credit card on the website<\/span><\/span>. Based in 22-24 Boulevard Royal L-2449, Luxemburgo. For more information visit https:\/\/www.paypal.com\/es\/webapps\/mpp\/ua\/privacy-full?locale.x=es_ES<\/li>\n<li><strong>Sociedad Estatal Correos y Tel\u00e9grafos S.A.:\u00a0<\/strong>courier company that will be used to send the pieces made by our students to their homes, by express request of themselves, with registered office\u00a0en V\u00eda Dubl\u00edn n\u00ba 7 (Campo de las Naciones) 28070 Madrid (Espa\u00f1a), CIF number A83052407, and inscribed at the Registro Mercantil de Madrid, Tomo16.665, Libro 0, Folio 20, Secci\u00f3n 8, Hoja M-284323, Inscripci\u00f3n 1\u00aa (datos registrales del nombre de dominio \u201ccorreos.es\u201d: Inscripci\u00f3n 1\/M en la Hoja, Secci\u00f3n, Folio, Libro y Tomo anteriormente indicados) For more info, visit\u00a0<a href=\"http:\/\/www.correos.es\/ss\/Satellite\/site\/pagina-privacidad\/sidioma=es_ES\">http:\/\/www.correos.es\/ss\/Satellite\/site\/pagina-privacidad\/sidioma=es_ES<\/a><\/li>\n<li><strong>Packlink Pro<\/strong>: <span class=\"tlid-translation translation\"><span class=\"\" title=\"\">transportation agency used to send pieces made by our students to their homes, by express request of themselves, with address at the address<\/span><\/span> C\/ Amaltea, 9 28045 Madrid, CIF B83357863 and inscribed at Registro Mercantil de Madrid, Tomo 17.909, Folio 138, Secci\u00f3n 8, Hoja M-309219, Inscripci\u00f3n 4. For more info, visit\u00a0<a href=\"https:\/\/pro.packlink.es\/terminos-condiciones\">https:\/\/pro.packlink.es\/terminos-condiciones<\/a><\/li>\n<li><strong><strong>Banco Sabadell:\u00a0<\/strong><\/strong>bank used to receive payments for courses or services acquired to\u00a0\u00a0<strong>ElTornBarcelona<\/strong>. For more info, visit https:\/\/www.bancsabadell.com\/cs\/Satellite\/SabAtl\/Politica-de-privacidad\/GBS_Generico_FA\/1183016790049\/1191332198208\/es\/<\/li>\n<\/ul>\n<h3><strong> <span class=\"tlid-translation translation\"><span class=\"\" title=\"\">POLICIES RELATED TO THE NEWSLETTER<\/span><\/span><\/strong><\/h3>\n<p><span class=\"tlid-translation translation\">These policies shall be understood at all times as a complementary part of the terms and conditions set out on the website, both of which are of equal application at the time of a dispute. The privacy and intellectual property policy applied will be the same as stated in the terms and conditions of the website.<\/span><\/p>\n<p>It will be understood as &#8220;newsletter&#8221; the digital bulletin that ElTornBarcelona performs on a regular basis and that it sends to its subscribers through an external email service provider, to which the user has subscribed voluntarily.<\/p>\n<p>ElTornBarcelona is not obliged to send the newsletter in defined periods of time, so it is totally free to do so when it deems appropriate. The user may at any time exercise their rights of access, rectification and cancellation, following the instructions found in the footer of the newsletter.<\/p>\n<p>ElTornBarcelona will not be responsible for the content of third parties exposed in the newsletter and any controversy that may arise should be dealt with directly with the person or company of which mention is made.<\/p>\n<p><strong>TREATMENT DURATION<\/strong><br \/>\nIn the case of personal data provided for billing and purchase of courses or services, they will be kept for the legally applicable time.<\/p>\n<p>In the case of the personal data provided for electronic commercial bulletins, it will be for the time that the User wishes to remain on the subscription list, so that they can unsubscribe at the time they wish, automatically as indicated in each newsletter, or by writing to eltorn@eltornbarcelona.com.<\/p>\n<\/div><div class=\"fusion-clearfix\"><\/div><\/div><\/div><\/div><\/div><\/p>\n","protected":false},"excerpt":{"rendered":"","protected":false},"author":1,"featured_media":0,"parent":0,"menu_order":0,"comment_status":"closed","ping_status":"closed","template":"100-width.php","meta":{"_acf_changed":false,"footnotes":""},"class_list":["post-1108","page","type-page","status-publish","hentry"],"acf":[],"yoast_head":"<!-- This site is optimized with the Yoast SEO plugin v27.0 - https:\/\/yoast.com\/product\/yoast-seo-wordpress\/ -->\n<title>PRIVACY POLICY - ElTornBarcelona<\/title>\n<meta name=\"robots\" content=\"index, follow, max-snippet:-1, max-image-preview:large, max-video-preview:-1\" \/>\n<link rel=\"canonical\" href=\"https:\/\/www.eltornbarcelona.com\/en\/privacy-policy\/\" \/>\n<meta property=\"og:locale\" content=\"en_US\" \/>\n<meta property=\"og:type\" content=\"article\" \/>\n<meta property=\"og:title\" content=\"PRIVACY POLICY - ElTornBarcelona\" \/>\n<meta property=\"og:url\" content=\"https:\/\/www.eltornbarcelona.com\/en\/privacy-policy\/\" \/>\n<meta property=\"og:site_name\" content=\"ElTornBarcelona\" \/>\n<meta property=\"article:publisher\" content=\"https:\/\/www.facebook.com\/ElTornBarcelona-The-International-Hub-of-Ceramics-101663193263354\/\" \/>\n<meta property=\"article:modified_time\" content=\"2024-10-15T08:58:02+00:00\" \/>\n<meta name=\"twitter:card\" content=\"summary_large_image\" \/>\n<meta name=\"twitter:label1\" content=\"Est. reading time\" \/>\n\t<meta name=\"twitter:data1\" content=\"6 minutes\" \/>\n<script type=\"application\/ld+json\" class=\"yoast-schema-graph\">{\"@context\":\"https:\/\/schema.org\",\"@graph\":[{\"@type\":\"WebPage\",\"@id\":\"https:\/\/www.eltornbarcelona.com\/en\/privacy-policy\/\",\"url\":\"https:\/\/www.eltornbarcelona.com\/en\/privacy-policy\/\",\"name\":\"PRIVACY POLICY - ElTornBarcelona\",\"isPartOf\":{\"@id\":\"https:\/\/www.eltornbarcelona.com\/en\/#website\"},\"datePublished\":\"2018-12-03T18:02:50+00:00\",\"dateModified\":\"2024-10-15T08:58:02+00:00\",\"breadcrumb\":{\"@id\":\"https:\/\/www.eltornbarcelona.com\/en\/privacy-policy\/#breadcrumb\"},\"inLanguage\":\"en-US\",\"potentialAction\":[{\"@type\":\"ReadAction\",\"target\":[\"https:\/\/www.eltornbarcelona.com\/en\/privacy-policy\/\"]}]},{\"@type\":\"BreadcrumbList\",\"@id\":\"https:\/\/www.eltornbarcelona.com\/en\/privacy-policy\/#breadcrumb\",\"itemListElement\":[{\"@type\":\"ListItem\",\"position\":1,\"name\":\"Portada\",\"item\":\"https:\/\/www.eltornbarcelona.com\/en\/\"},{\"@type\":\"ListItem\",\"position\":2,\"name\":\"PRIVACY POLICY\"}]},{\"@type\":\"WebSite\",\"@id\":\"https:\/\/www.eltornbarcelona.com\/en\/#website\",\"url\":\"https:\/\/www.eltornbarcelona.com\/en\/\",\"name\":\"ElTornBarcelona\",\"description\":\"cursos de ceramica, coworking ceramica\",\"publisher\":{\"@id\":\"https:\/\/www.eltornbarcelona.com\/en\/#organization\"},\"potentialAction\":[{\"@type\":\"SearchAction\",\"target\":{\"@type\":\"EntryPoint\",\"urlTemplate\":\"https:\/\/www.eltornbarcelona.com\/en\/?s={search_term_string}\"},\"query-input\":{\"@type\":\"PropertyValueSpecification\",\"valueRequired\":true,\"valueName\":\"search_term_string\"}}],\"inLanguage\":\"en-US\"},{\"@type\":\"Organization\",\"@id\":\"https:\/\/www.eltornbarcelona.com\/en\/#organization\",\"name\":\"ElTornBarcelona\",\"url\":\"https:\/\/www.eltornbarcelona.com\/en\/\",\"logo\":{\"@type\":\"ImageObject\",\"inLanguage\":\"en-US\",\"@id\":\"https:\/\/www.eltornbarcelona.com\/en\/#\/schema\/logo\/image\/\",\"url\":\"https:\/\/www.eltornbarcelona.com\/wp-content\/uploads\/2018\/08\/logo_eltorn_bcn.png\",\"contentUrl\":\"https:\/\/www.eltornbarcelona.com\/wp-content\/uploads\/2018\/08\/logo_eltorn_bcn.png\",\"width\":308,\"height\":78,\"caption\":\"ElTornBarcelona\"},\"image\":{\"@id\":\"https:\/\/www.eltornbarcelona.com\/en\/#\/schema\/logo\/image\/\"},\"sameAs\":[\"https:\/\/www.facebook.com\/ElTornBarcelona-The-International-Hub-of-Ceramics-101663193263354\/\",\"https:\/\/www.instagram.com\/eltornbarcelona_\/\",\"https:\/\/www.pinterest.es\/eltorn7eltorn\/pins\/\",\"https:\/\/www.youtube.com\/channel\/UCTRYY7gpsZa8w5v8UiKKeLQ\"]}]}<\/script>\n<!-- \/ Yoast SEO plugin. -->","yoast_head_json":{"title":"PRIVACY POLICY - ElTornBarcelona","robots":{"index":"index","follow":"follow","max-snippet":"max-snippet:-1","max-image-preview":"max-image-preview:large","max-video-preview":"max-video-preview:-1"},"canonical":"https:\/\/www.eltornbarcelona.com\/en\/privacy-policy\/","og_locale":"en_US","og_type":"article","og_title":"PRIVACY POLICY - ElTornBarcelona","og_url":"https:\/\/www.eltornbarcelona.com\/en\/privacy-policy\/","og_site_name":"ElTornBarcelona","article_publisher":"https:\/\/www.facebook.com\/ElTornBarcelona-The-International-Hub-of-Ceramics-101663193263354\/","article_modified_time":"2024-10-15T08:58:02+00:00","twitter_card":"summary_large_image","twitter_misc":{"Est. reading time":"6 minutes"},"schema":{"@context":"https:\/\/schema.org","@graph":[{"@type":"WebPage","@id":"https:\/\/www.eltornbarcelona.com\/en\/privacy-policy\/","url":"https:\/\/www.eltornbarcelona.com\/en\/privacy-policy\/","name":"PRIVACY POLICY - ElTornBarcelona","isPartOf":{"@id":"https:\/\/www.eltornbarcelona.com\/en\/#website"},"datePublished":"2018-12-03T18:02:50+00:00","dateModified":"2024-10-15T08:58:02+00:00","breadcrumb":{"@id":"https:\/\/www.eltornbarcelona.com\/en\/privacy-policy\/#breadcrumb"},"inLanguage":"en-US","potentialAction":[{"@type":"ReadAction","target":["https:\/\/www.eltornbarcelona.com\/en\/privacy-policy\/"]}]},{"@type":"BreadcrumbList","@id":"https:\/\/www.eltornbarcelona.com\/en\/privacy-policy\/#breadcrumb","itemListElement":[{"@type":"ListItem","position":1,"name":"Portada","item":"https:\/\/www.eltornbarcelona.com\/en\/"},{"@type":"ListItem","position":2,"name":"PRIVACY POLICY"}]},{"@type":"WebSite","@id":"https:\/\/www.eltornbarcelona.com\/en\/#website","url":"https:\/\/www.eltornbarcelona.com\/en\/","name":"ElTornBarcelona","description":"cursos de ceramica, coworking ceramica","publisher":{"@id":"https:\/\/www.eltornbarcelona.com\/en\/#organization"},"potentialAction":[{"@type":"SearchAction","target":{"@type":"EntryPoint","urlTemplate":"https:\/\/www.eltornbarcelona.com\/en\/?s={search_term_string}"},"query-input":{"@type":"PropertyValueSpecification","valueRequired":true,"valueName":"search_term_string"}}],"inLanguage":"en-US"},{"@type":"Organization","@id":"https:\/\/www.eltornbarcelona.com\/en\/#organization","name":"ElTornBarcelona","url":"https:\/\/www.eltornbarcelona.com\/en\/","logo":{"@type":"ImageObject","inLanguage":"en-US","@id":"https:\/\/www.eltornbarcelona.com\/en\/#\/schema\/logo\/image\/","url":"https:\/\/www.eltornbarcelona.com\/wp-content\/uploads\/2018\/08\/logo_eltorn_bcn.png","contentUrl":"https:\/\/www.eltornbarcelona.com\/wp-content\/uploads\/2018\/08\/logo_eltorn_bcn.png","width":308,"height":78,"caption":"ElTornBarcelona"},"image":{"@id":"https:\/\/www.eltornbarcelona.com\/en\/#\/schema\/logo\/image\/"},"sameAs":["https:\/\/www.facebook.com\/ElTornBarcelona-The-International-Hub-of-Ceramics-101663193263354\/","https:\/\/www.instagram.com\/eltornbarcelona_\/","https:\/\/www.pinterest.es\/eltorn7eltorn\/pins\/","https:\/\/www.youtube.com\/channel\/UCTRYY7gpsZa8w5v8UiKKeLQ"]}]}},"_links":{"self":[{"href":"https:\/\/www.eltornbarcelona.com\/en\/wp-json\/wp\/v2\/pages\/1108","targetHints":{"allow":["GET"]}}],"collection":[{"href":"https:\/\/www.eltornbarcelona.com\/en\/wp-json\/wp\/v2\/pages"}],"about":[{"href":"https:\/\/www.eltornbarcelona.com\/en\/wp-json\/wp\/v2\/types\/page"}],"author":[{"embeddable":true,"href":"https:\/\/www.eltornbarcelona.com\/en\/wp-json\/wp\/v2\/users\/1"}],"replies":[{"embeddable":true,"href":"https:\/\/www.eltornbarcelona.com\/en\/wp-json\/wp\/v2\/comments?post=1108"}],"version-history":[{"count":4,"href":"https:\/\/www.eltornbarcelona.com\/en\/wp-json\/wp\/v2\/pages\/1108\/revisions"}],"predecessor-version":[{"id":9161,"href":"https:\/\/www.eltornbarcelona.com\/en\/wp-json\/wp\/v2\/pages\/1108\/revisions\/9161"}],"wp:attachment":[{"href":"https:\/\/www.eltornbarcelona.com\/en\/wp-json\/wp\/v2\/media?parent=1108"}],"curies":[{"name":"wp","href":"https:\/\/api.w.org\/{rel}","templated":true}]}}